{"id":1594,"date":"2024-08-14T15:43:35","date_gmt":"2024-08-14T18:43:35","guid":{"rendered":"https:\/\/imec.unse.edu.ar\/imec\/?page_id=1594"},"modified":"2025-07-04T07:14:05","modified_gmt":"2025-07-04T10:14:05","slug":"extension","status":"publish","type":"page","link":"https:\/\/imec.unse.edu.ar\/imec\/index.php\/extension\/","title":{"rendered":"Extensi\u00f3n"},"content":{"rendered":"\t\t<div data-elementor-type=\"wp-page\" data-elementor-id=\"1594\" class=\"elementor elementor-1594\">\n\t\t\t\t<div class=\"elementor-element elementor-element-4353734 e-con-full e-flex e-con e-parent\" data-id=\"4353734\" data-element_type=\"container\" data-e-type=\"container\">\n\t\t\t\t<div class=\"elementor-element elementor-element-a52c11d elementor-widget elementor-widget-spacer\" data-id=\"a52c11d\" data-element_type=\"widget\" data-e-type=\"widget\" data-widget_type=\"spacer.default\">\n\t\t\t\t<div class=\"elementor-widget-container\">\n\t\t\t\t\t\t\t<div class=\"elementor-spacer\">\n\t\t\t<div class=\"elementor-spacer-inner\"><\/div>\n\t\t<\/div>\n\t\t\t\t\t\t<\/div>\n\t\t\t\t<\/div>\n\t\t\t\t<\/div>\n\t\t<div class=\"elementor-element elementor-element-585a424 elementor-hidden-mobile elementor-hidden-desktop e-flex e-con-boxed e-con e-parent\" data-id=\"585a424\" data-element_type=\"container\" data-e-type=\"container\" data-settings=\"{&quot;background_background&quot;:&quot;classic&quot;}\">\n\t\t\t\t\t<div class=\"e-con-inner\">\n\t\t\t\t<div class=\"elementor-element elementor-element-bca45a3 elementor-hidden-mobile elementor-widget elementor-widget-heading\" data-id=\"bca45a3\" data-element_type=\"widget\" data-e-type=\"widget\" data-widget_type=\"heading.default\">\n\t\t\t\t<div class=\"elementor-widget-container\">\n\t\t\t\t\t<h2 class=\"elementor-heading-title elementor-size-default\">Actividades de Extensi\u00f3n<\/h2>\t\t\t\t<\/div>\n\t\t\t\t<\/div>\n\t\t\t\t\t<\/div>\n\t\t\t\t<\/div>\n\t\t<div class=\"elementor-element elementor-element-826ffbf e-flex e-con-boxed e-con e-parent\" data-id=\"826ffbf\" data-element_type=\"container\" data-e-type=\"container\">\n\t\t\t\t\t<div class=\"e-con-inner\">\n\t\t\t\t<div class=\"elementor-element elementor-element-30acf30 elementor-widget elementor-widget-contentviews_widget_list1\" data-id=\"30acf30\" data-element_type=\"widget\" data-e-type=\"widget\" data-widget_type=\"contentviews_widget_list1.default\">\n\t\t\t\t<div class=\"elementor-widget-container\">\n\t\t\t\t\t<div class='pt-cv-wrapper'> <div class=\"pt-cv-view pt-cv-blockgrid iscvblock iscvelementor list1 layout1\" id=\"pt-cv-view-30acf30\"><div data-id=\"pt-cv-page-1\" class=\"pt-cv-page\" data-cvc=\"1\"><div class=\" pt-cv-content-item pt-cv-2-col\" ><div class=\"pt-cv-thumb-wrapper pull-right \"><a href=\"https:\/\/imec.unse.edu.ar\/imec\/index.php\/2023\/06\/16\/analisis-de-estructuras-especiales-cascaras-vibraciones-fundaciones-masivas\/\" class=\"_self pt-cv-href-thumbnail pt-cv-thumb-right\" target=\"_self\" ><img fetchpriority=\"high\" decoding=\"async\" width=\"640\" height=\"623\" src=\"https:\/\/imec.unse.edu.ar\/imec\/wp-content\/uploads\/2024\/08\/Screenshot-2024-08-15-at-11.26.28\u202fAM-1024x997.jpg\" class=\"pt-cv-thumbnail pull-right\" alt=\"\" srcset=\"https:\/\/imec.unse.edu.ar\/imec\/wp-content\/uploads\/2024\/08\/Screenshot-2024-08-15-at-11.26.28\u202fAM-1024x997.jpg 1024w, https:\/\/imec.unse.edu.ar\/imec\/wp-content\/uploads\/2024\/08\/Screenshot-2024-08-15-at-11.26.28\u202fAM-300x292.jpg 300w, https:\/\/imec.unse.edu.ar\/imec\/wp-content\/uploads\/2024\/08\/Screenshot-2024-08-15-at-11.26.28\u202fAM-768x748.jpg 768w, https:\/\/imec.unse.edu.ar\/imec\/wp-content\/uploads\/2024\/08\/Screenshot-2024-08-15-at-11.26.28\u202fAM.jpg 1452w\" sizes=\"(max-width: 640px) 100vw, 640px\" \/><\/a><\/div>\n<div class=\"pt-cv-colwrap\"><div class=\"pt-cv-taxoterm above_title\"><a href='https:\/\/imec.unse.edu.ar\/imec\/index.php\/category\/2023\/' title='2023' class='pt-cv-tax-2023'>2023<\/a><\/div><h4 class=\"pt-cv-title\"><a href=\"https:\/\/imec.unse.edu.ar\/imec\/index.php\/2023\/06\/16\/analisis-de-estructuras-especiales-cascaras-vibraciones-fundaciones-masivas\/\" class=\"_self\" target=\"_self\" >An\u00e1lisis de Estructuras Especiales: C\u00e1scaras, Vibraciones, Fundaciones Masivas.<\/a><\/h4><div class=\"pt-cv-content\">En el marco de la segunda Jornada Provincial de Ingenier\u00eda Civil, organizadas por ANEIC (Asociaci\u00f3n Nacional de Estuidantes de Ingenier\u00eda Civil), el Dr. Ing. Ricardo Lorefice disert\u00f3 sobre los avances m\u00e1s recientes en el an\u00e1lisis de estructuras especiales, desde vibraciones hasta fundaciones masivas ...<\/div><div class=\"pt-cv-rmwrap\"><a href=\"https:\/\/imec.unse.edu.ar\/imec\/index.php\/2023\/06\/16\/analisis-de-estructuras-especiales-cascaras-vibraciones-fundaciones-masivas\/\" class=\"_self pt-cv-readmore btn btn-success\" target=\"_self\" >Leer M\u00e1s<\/a><\/div><div class=\"pt-cv-meta-fields\"><span class=\"entry-date\"><span class=\"glyphicon glyphicon-calendar\"><\/span> <time datetime=\"2023-06-16T11:28:41-03:00\">16 junio, 2023<\/time><\/span><\/div><\/div><\/div>\n<div class=\" pt-cv-content-item pt-cv-2-col\" ><div class=\"pt-cv-thumb-wrapper pull-right \"><a href=\"https:\/\/imec.unse.edu.ar\/imec\/index.php\/2021\/10\/27\/diseno-de-estructuras-sustentables-incidencia-del-proyecto-e-impacto-ambiental\/\" class=\"_self pt-cv-href-thumbnail pt-cv-thumb-right\" target=\"_self\" ><img decoding=\"async\" width=\"640\" height=\"427\" src=\"https:\/\/imec.unse.edu.ar\/imec\/wp-content\/uploads\/2021\/10\/CUAA-DAHZ_TU-Dresden_Kick-off_David-Pinzer_074-1-1024x683.jpg\" class=\"pt-cv-thumbnail pull-right\" alt=\"\" srcset=\"https:\/\/imec.unse.edu.ar\/imec\/wp-content\/uploads\/2021\/10\/CUAA-DAHZ_TU-Dresden_Kick-off_David-Pinzer_074-1-1024x683.jpg 1024w, https:\/\/imec.unse.edu.ar\/imec\/wp-content\/uploads\/2021\/10\/CUAA-DAHZ_TU-Dresden_Kick-off_David-Pinzer_074-1-300x200.jpg 300w, https:\/\/imec.unse.edu.ar\/imec\/wp-content\/uploads\/2021\/10\/CUAA-DAHZ_TU-Dresden_Kick-off_David-Pinzer_074-1-768x512.jpg 768w, https:\/\/imec.unse.edu.ar\/imec\/wp-content\/uploads\/2021\/10\/CUAA-DAHZ_TU-Dresden_Kick-off_David-Pinzer_074-1-600x400.jpg 600w, https:\/\/imec.unse.edu.ar\/imec\/wp-content\/uploads\/2021\/10\/CUAA-DAHZ_TU-Dresden_Kick-off_David-Pinzer_074-1.jpg 1200w\" sizes=\"(max-width: 640px) 100vw, 640px\" \/><\/a><\/div>\n<div class=\"pt-cv-colwrap\"><div class=\"pt-cv-taxoterm above_title\"><a href='https:\/\/imec.unse.edu.ar\/imec\/index.php\/category\/2021\/' title='2021' class='pt-cv-tax-2021'>2021<\/a><\/div><h4 class=\"pt-cv-title\"><a href=\"https:\/\/imec.unse.edu.ar\/imec\/index.php\/2021\/10\/27\/diseno-de-estructuras-sustentables-incidencia-del-proyecto-e-impacto-ambiental\/\" class=\"_self\" target=\"_self\" >Dise\u00f1o de Estructuras Sustentables. Incidencia del Proyecto e Impacto Ambiental.<\/a><\/h4><div class=\"pt-cv-content\">En el marco del proyecto I.DEAR (Ingenieros Deutschland-Argentina), el Dr. Ing. Ricardo Lorefice brind\u00f3 una conferencia virtual en la BHT (Berliner Hochschule f\u00fcr Technik) acerca de dise\u00f1o de estructuras sustentables. Entre los temas de la presentaci\u00f3n se encuentran las normativas, la incidencia de la tipolog\u00eda estructural, un an\u00e1lisis comparativo de ...<\/div><div class=\"pt-cv-rmwrap\"><a href=\"https:\/\/imec.unse.edu.ar\/imec\/index.php\/2021\/10\/27\/diseno-de-estructuras-sustentables-incidencia-del-proyecto-e-impacto-ambiental\/\" class=\"_self pt-cv-readmore btn btn-success\" target=\"_self\" >Leer M\u00e1s<\/a><\/div><div class=\"pt-cv-meta-fields\"><span class=\"entry-date\"><span class=\"glyphicon glyphicon-calendar\"><\/span> <time datetime=\"2021-10-27T13:08:16-03:00\">27 octubre, 2021<\/time><\/span><\/div><\/div><\/div>\n<div class=\" pt-cv-content-item pt-cv-2-col\" ><div class=\"pt-cv-thumb-wrapper pull-right \"><a href=\"https:\/\/imec.unse.edu.ar\/imec\/index.php\/2018\/10\/15\/numerical-analysis-of-solids-and-structures\/\" class=\"_self pt-cv-href-thumbnail pt-cv-thumb-right\" target=\"_self\" ><img decoding=\"async\" width=\"640\" height=\"408\" src=\"https:\/\/imec.unse.edu.ar\/imec\/wp-content\/uploads\/2024\/08\/2096A1C1-ED6B-42F1-91B8-50020F0C7B45-1024x652.jpg\" class=\"pt-cv-thumbnail pull-right\" alt=\"\" srcset=\"https:\/\/imec.unse.edu.ar\/imec\/wp-content\/uploads\/2024\/08\/2096A1C1-ED6B-42F1-91B8-50020F0C7B45-1024x652.jpg 1024w, https:\/\/imec.unse.edu.ar\/imec\/wp-content\/uploads\/2024\/08\/2096A1C1-ED6B-42F1-91B8-50020F0C7B45-300x191.jpg 300w, https:\/\/imec.unse.edu.ar\/imec\/wp-content\/uploads\/2024\/08\/2096A1C1-ED6B-42F1-91B8-50020F0C7B45-768x489.jpg 768w, https:\/\/imec.unse.edu.ar\/imec\/wp-content\/uploads\/2024\/08\/2096A1C1-ED6B-42F1-91B8-50020F0C7B45.jpg 1280w\" sizes=\"(max-width: 640px) 100vw, 640px\" \/><\/a><\/div>\n<div class=\"pt-cv-colwrap\"><div class=\"pt-cv-taxoterm above_title\"><a href='https:\/\/imec.unse.edu.ar\/imec\/index.php\/category\/2018\/' title='2018' class='pt-cv-tax-2018'>2018<\/a><\/div><h4 class=\"pt-cv-title\"><a href=\"https:\/\/imec.unse.edu.ar\/imec\/index.php\/2018\/10\/15\/numerical-analysis-of-solids-and-structures\/\" class=\"_self\" target=\"_self\" >Numerical Analysis of Solids and Structures<\/a><\/h4><div class=\"pt-cv-content\">En el marco del proyecto I.DEAR (Ingenieros Deutschland-Argentina), el Dr. Ing. Ricardo Lorefice brind\u00f3 un seminario en la OTH (Ostbayerische Technische Hochschule Regensburg) sobre el an\u00e1lisis num\u00e9rico de s\u00f3lidos y estructuras ...<\/div><div class=\"pt-cv-rmwrap\"><a href=\"https:\/\/imec.unse.edu.ar\/imec\/index.php\/2018\/10\/15\/numerical-analysis-of-solids-and-structures\/\" class=\"_self pt-cv-readmore btn btn-success\" target=\"_self\" >Leer M\u00e1s<\/a><\/div><div class=\"pt-cv-meta-fields\"><span class=\"entry-date\"><span class=\"glyphicon glyphicon-calendar\"><\/span> <time datetime=\"2018-10-15T13:21:28-03:00\">15 octubre, 2018<\/time><\/span><\/div><\/div><\/div>\n<div class=\" pt-cv-content-item pt-cv-2-col\" ><div class=\"pt-cv-thumb-wrapper pull-right \"><a href=\"https:\/\/imec.unse.edu.ar\/imec\/index.php\/2010\/06\/24\/diseno-estructural-para-arquitectura-e-ingenieria-criterio-numerico-computacional\/\" class=\"_self pt-cv-href-thumbnail pt-cv-thumb-right\" target=\"_self\" ><img loading=\"lazy\" decoding=\"async\" width=\"640\" height=\"478\" src=\"https:\/\/imec.unse.edu.ar\/imec\/wp-content\/uploads\/2024\/08\/Screenshot-2024-08-21-at-9.41.14\u202fAM-1024x764.png\" class=\"pt-cv-thumbnail pull-right\" alt=\"\" srcset=\"https:\/\/imec.unse.edu.ar\/imec\/wp-content\/uploads\/2024\/08\/Screenshot-2024-08-21-at-9.41.14\u202fAM-1024x764.png 1024w, https:\/\/imec.unse.edu.ar\/imec\/wp-content\/uploads\/2024\/08\/Screenshot-2024-08-21-at-9.41.14\u202fAM-300x224.png 300w, https:\/\/imec.unse.edu.ar\/imec\/wp-content\/uploads\/2024\/08\/Screenshot-2024-08-21-at-9.41.14\u202fAM-768x573.png 768w, https:\/\/imec.unse.edu.ar\/imec\/wp-content\/uploads\/2024\/08\/Screenshot-2024-08-21-at-9.41.14\u202fAM.png 1432w\" sizes=\"(max-width: 640px) 100vw, 640px\" \/><\/a><\/div>\n<div class=\"pt-cv-colwrap\"><div class=\"pt-cv-taxoterm above_title\"><a href='https:\/\/imec.unse.edu.ar\/imec\/index.php\/category\/2010\/' title='2010' class='pt-cv-tax-2010'>2010<\/a><\/div><h4 class=\"pt-cv-title\"><a href=\"https:\/\/imec.unse.edu.ar\/imec\/index.php\/2010\/06\/24\/diseno-estructural-para-arquitectura-e-ingenieria-criterio-numerico-computacional\/\" class=\"_self\" target=\"_self\" >Dise\u00f1o Estructural para Arquitectura e Ingenier\u00eda Criterio Num\u00e9rico &#8211; Computacional<\/a><\/h4><div class=\"pt-cv-content\">Colegio de Arquitectos de Santiago del Estero (CASE) ...<\/div><div class=\"pt-cv-rmwrap\"><a href=\"https:\/\/imec.unse.edu.ar\/imec\/index.php\/2010\/06\/24\/diseno-estructural-para-arquitectura-e-ingenieria-criterio-numerico-computacional\/\" class=\"_self pt-cv-readmore btn btn-success\" target=\"_self\" >Leer M\u00e1s<\/a><\/div><div class=\"pt-cv-meta-fields\"><span class=\"entry-date\"><span class=\"glyphicon glyphicon-calendar\"><\/span> <time datetime=\"2010-06-24T09:41:33-03:00\">24 junio, 2010<\/time><\/span><\/div><\/div><\/div><\/div><\/div> <\/div> \t\t\t\t<\/div>\n\t\t\t\t<\/div>\n\t\t\t\t\t<\/div>\n\t\t\t\t<\/div>\n\t\t\t\t<\/div>\n\t\t","protected":false},"excerpt":{"rendered":"<p>Actividades de Extensi\u00f3n 2023 An\u00e1lisis de Estructuras Especiales: C\u00e1scaras, Vibraciones, Fundaciones Masiva En el marco de la segunda Jornada Provincial de Ingenier\u00eda Civil, organizadas por ANEIC (Asociaci\u00f3n Nacional de Estuidantes de Ingenier\u00eda Civil), el Dr. Ing. Ricardo Lorefice disert\u00f3 sobre los avances m\u00e1s recientes en el an\u00e1lisis de estructuras especiales, desde vibraciones hasta fundaciones masivas &#8230;Leer M\u00e1s 16 junio, 2023 [&hellip;]<\/p>\n","protected":false},"author":1,"featured_media":0,"parent":0,"menu_order":0,"comment_status":"closed","ping_status":"closed","template":"elementor_header_footer","meta":{"footnotes":""},"class_list":["post-1594","page","type-page","status-publish","hentry"],"_links":{"self":[{"href":"https:\/\/imec.unse.edu.ar\/imec\/index.php\/wp-json\/wp\/v2\/pages\/1594"}],"collection":[{"href":"https:\/\/imec.unse.edu.ar\/imec\/index.php\/wp-json\/wp\/v2\/pages"}],"about":[{"href":"https:\/\/imec.unse.edu.ar\/imec\/index.php\/wp-json\/wp\/v2\/types\/page"}],"author":[{"embeddable":true,"href":"https:\/\/imec.unse.edu.ar\/imec\/index.php\/wp-json\/wp\/v2\/users\/1"}],"replies":[{"embeddable":true,"href":"https:\/\/imec.unse.edu.ar\/imec\/index.php\/wp-json\/wp\/v2\/comments?post=1594"}],"version-history":[{"count":81,"href":"https:\/\/imec.unse.edu.ar\/imec\/index.php\/wp-json\/wp\/v2\/pages\/1594\/revisions"}],"predecessor-version":[{"id":2473,"href":"https:\/\/imec.unse.edu.ar\/imec\/index.php\/wp-json\/wp\/v2\/pages\/1594\/revisions\/2473"}],"wp:attachment":[{"href":"https:\/\/imec.unse.edu.ar\/imec\/index.php\/wp-json\/wp\/v2\/media?parent=1594"}],"curies":[{"name":"wp","href":"https:\/\/api.w.org\/{rel}","templated":true}]}}