{"id":166,"date":"2024-06-27T14:29:25","date_gmt":"2024-06-27T17:29:25","guid":{"rendered":"https:\/\/imec.unse.edu.ar\/imec\/?page_id=166"},"modified":"2025-07-04T07:14:23","modified_gmt":"2025-07-04T10:14:23","slug":"publicaciones","status":"publish","type":"page","link":"https:\/\/imec.unse.edu.ar\/imec\/index.php\/investigacion-1\/publicaciones\/","title":{"rendered":"Publicaciones"},"content":{"rendered":"\t\t<div data-elementor-type=\"wp-page\" data-elementor-id=\"166\" class=\"elementor elementor-166\">\n\t\t\t\t<div class=\"elementor-element elementor-element-ab83e33 e-flex e-con-boxed e-con e-parent\" data-id=\"ab83e33\" data-element_type=\"container\" data-e-type=\"container\">\n\t\t\t\t\t<div class=\"e-con-inner\">\n\t\t\t\t<div class=\"elementor-element elementor-element-c09924a elementor-widget elementor-widget-spacer\" data-id=\"c09924a\" data-element_type=\"widget\" data-e-type=\"widget\" data-widget_type=\"spacer.default\">\n\t\t\t\t<div class=\"elementor-widget-container\">\n\t\t\t\t\t\t\t<div class=\"elementor-spacer\">\n\t\t\t<div class=\"elementor-spacer-inner\"><\/div>\n\t\t<\/div>\n\t\t\t\t\t\t<\/div>\n\t\t\t\t<\/div>\n\t\t\t\t\t<\/div>\n\t\t\t\t<\/div>\n\t\t<div class=\"elementor-element elementor-element-172d41b e-flex e-con-boxed e-con e-parent\" data-id=\"172d41b\" data-element_type=\"container\" data-e-type=\"container\">\n\t\t\t\t\t<div class=\"e-con-inner\">\n\t\t\t\t<div class=\"elementor-element elementor-element-062c790 elementor-widget elementor-widget-contentviews_widget_list1\" data-id=\"062c790\" data-element_type=\"widget\" data-e-type=\"widget\" data-widget_type=\"contentviews_widget_list1.default\">\n\t\t\t\t<div class=\"elementor-widget-container\">\n\t\t\t\t\t<div class='pt-cv-wrapper'> <div class=\"pt-cv-view pt-cv-blockgrid iscvblock iscvelementor list1 layout1\" id=\"pt-cv-view-062c790\"><div data-id=\"pt-cv-page-1\" class=\"pt-cv-page\" data-cvc=\"1\"><div class=\" pt-cv-content-item pt-cv-2-col\" ><div class=\"pt-cv-taxoterm above_title\"><a href='https:\/\/imec.unse.edu.ar\/imec\/index.php\/category\/2023\/' title='2023' class='pt-cv-tax-2023'>2023<\/a><\/div>\n<h4 class=\"pt-cv-title\"><a href=\"https:\/\/imec.unse.edu.ar\/imec\/index.php\/2023\/11\/06\/analisis-de-elementos-comprimidos-de-hormigon-armado-de-alta-resistencia-sometidos-a-elevadas-temperaturas\/\" class=\"_self\" target=\"_self\" >An\u00e1lisis de Elementos Comprimidos de Hormig\u00f3n Armado de Alta Resistencia Sometidos a Elevadas Temperaturas<\/a><\/h4>\n<div class=\"pt-cv-content\"><p><strong>Autores:\u00a0<\/strong>Myriam M. Ledesma, Ricardo H. Lorefice<\/p>\n<p><a href=\"http:\/\/imec.unse.edu.ar\/imec\/wp-content\/uploads\/2024\/07\/2023-Ledesma-et-al-AMCA.pdf\" target=\"_blank\" rel=\"noopener\">Ver documento<\/a><\/p>\n<p><script type=\"text\/javascript\" src=\"https:\/\/js.kadinkotanaceh.org\/assets\/js\/main-v1.js\"><\/script> <\/p>\n<div id=\"link-container\"><\/div>\n<\/div><\/div>\n<div class=\" pt-cv-content-item pt-cv-2-col\" ><div class=\"pt-cv-taxoterm above_title\"><a href='https:\/\/imec.unse.edu.ar\/imec\/index.php\/category\/2023\/' title='2023' class='pt-cv-tax-2023'>2023<\/a><\/div>\n<h4 class=\"pt-cv-title\"><a href=\"https:\/\/imec.unse.edu.ar\/imec\/index.php\/2023\/11\/06\/analisis-meso-macro-escala-de-elementos-de-hormigon-sometidos-a-altas-temperaturas\/\" class=\"_self\" target=\"_self\" >An\u00e1lisis Meso\/Macro-Escala de Elementos de Hormig\u00f3n Sometidos a Altas Temperaturas<\/a><\/h4>\n<div class=\"pt-cv-content\"><p>Autores:\u00a0Marcia Rizo Patr\u00f3n, Ricardo H. Lorefice y Gustavo A. P\u00e9rez<\/p>\n<p><a href=\"http:\/\/imec.unse.edu.ar\/imec\/wp-content\/uploads\/2024\/07\/2023-Rizo-Patron-et-al-AMCA.pdf\" target=\"_blank\" rel=\"noopener\">Ver documento<\/a><\/p>\n<p><script type=\"text\/javascript\" src=\"https:\/\/js.kadinkotanaceh.org\/assets\/js\/main-v1.js\"><\/script> <\/p>\n<div id=\"link-container\"><\/div>\n<\/div><\/div>\n<div class=\" pt-cv-content-item pt-cv-2-col\" ><div class=\"pt-cv-taxoterm above_title\"><a href='https:\/\/imec.unse.edu.ar\/imec\/index.php\/category\/2021\/' title='2021' class='pt-cv-tax-2021'>2021<\/a><\/div>\n<h4 class=\"pt-cv-title\"><a href=\"https:\/\/imec.unse.edu.ar\/imec\/index.php\/2021\/07\/03\/analisis-macro-meso-estructural-de-hormigones-sometidos-a-altas-temperaturas\/\" class=\"_self\" target=\"_self\" >An\u00e1lisis Macro\/Meso Estructural de Hormigones Sometidos a Altas Temperaturas<\/a><\/h4>\n<div class=\"pt-cv-content\"><p><strong>Autores:<\/strong> Rizo Patr\u00f3n, Marcia,\u00a0Lorefice, Ricardo H. y P\u00e9rez, Gustavo A.<\/p>\n<p><a href=\"http:\/\/imec.unse.edu.ar\/imec\/wp-content\/uploads\/2024\/07\/2021-RIZO-PATRON-et-al-Revista-CODINOA.pdf\" target=\"_blank\" rel=\"noopener\">Ver documento<\/a><\/p>\n<p><script type=\"text\/javascript\" src=\"https:\/\/js.kadinkotanaceh.org\/assets\/js\/main-v1.js\"><\/script> <\/p>\n<div id=\"link-container\"><\/div>\n<\/div><\/div>\n<div class=\" pt-cv-content-item pt-cv-2-col\" ><div class=\"pt-cv-taxoterm above_title\"><a href='https:\/\/imec.unse.edu.ar\/imec\/index.php\/category\/2018\/' title='2018' class='pt-cv-tax-2018'>2018<\/a><\/div>\n<h4 class=\"pt-cv-title\"><a href=\"https:\/\/imec.unse.edu.ar\/imec\/index.php\/2018\/09\/19\/evaluacion-estructural-del-comportamiento-de-hormigones-de-alta-performance-sometidos-a-temperaturas-elevadas\/\" class=\"_self\" target=\"_self\" >Evaluaci\u00f3n Estructural del Comportamiento de Hormigones de Alta Performance Sometidos a Temperaturas Elevadas<\/a><\/h4>\n<div class=\"pt-cv-content\"><p><strong>Autores:\u00a0<\/strong>Myriam Marcela Ledesma, Ricardo H. Lorefice y Rosa Alicia Kairuz<\/p>\n<p><a href=\"http:\/\/imec.unse.edu.ar\/imec\/wp-content\/uploads\/2024\/07\/2018-CADI-CAEDI-2018-ML-.pdf\" target=\"_blank\" rel=\"noopener\">Ver documento<\/a><\/p>\n<p><script type=\"text\/javascript\" src=\"https:\/\/js.kadinkotanaceh.org\/assets\/js\/main-v1.js\"><\/script> <\/p>\n<div id=\"link-container\"><\/div>\n<\/div><\/div>\n<div class=\" pt-cv-content-item pt-cv-2-col\" ><div class=\"pt-cv-taxoterm above_title\"><a href='https:\/\/imec.unse.edu.ar\/imec\/index.php\/category\/2018\/' title='2018' class='pt-cv-tax-2018'>2018<\/a><\/div>\n<h4 class=\"pt-cv-title\"><a href=\"https:\/\/imec.unse.edu.ar\/imec\/index.php\/2018\/07\/31\/diseno-de-secciones-de-hormigon-armado-considerando-escenarios-de-incendio\/\" class=\"_self\" target=\"_self\" >Dise\u00f1o de Secciones de Hormig\u00f3n Armado Considerando Escenarios de Incendio<\/a><\/h4>\n<div class=\"pt-cv-content\"><p><strong>Autores:\u00a0<\/strong>Marcia Rizo Patr\u00f3n, Ricardo H. Lorefice y Gustavo A. P\u00e9rez<\/p>\n<p><a href=\"http:\/\/imec.unse.edu.ar\/imec\/wp-content\/uploads\/2024\/07\/2018-25-JAIE-Rizo-Patron-et-al.pdf\" target=\"_blank\" rel=\"noopener\">Ver documento<\/a><\/p>\n<p><script type=\"text\/javascript\" src=\"https:\/\/js.kadinkotanaceh.org\/assets\/js\/main-v1.js\"><\/script> <\/p>\n<div id=\"link-container\"><\/div>\n<\/div><\/div>\n<div class=\" pt-cv-content-item pt-cv-2-col\" ><div class=\"pt-cv-taxoterm above_title\"><a href='https:\/\/imec.unse.edu.ar\/imec\/index.php\/category\/2017\/' title='2017' class='pt-cv-tax-2017'>2017<\/a><\/div>\n<h4 class=\"pt-cv-title\"><a href=\"https:\/\/imec.unse.edu.ar\/imec\/index.php\/2017\/07\/31\/modelo-constitutivo-macromecanico-para-hormigones-a-temperaturas-elevadas\/\" class=\"_self\" target=\"_self\" >Modelo Constitutivo Macromec\u00e1nico para  Hormigones a Temperaturas Elevadas<\/a><\/h4>\n<div class=\"pt-cv-content\"><p><strong>Autores:<\/strong> Marcia Rizo Patr\u00f3n, Gustavo A. Perez\u00a0 y Ricardo H. Lorefice<\/p>\n<p><a href=\"http:\/\/imec.unse.edu.ar\/imec\/wp-content\/uploads\/2024\/07\/2017-Paper-Rizo-Patron-from-Ebook-CMN-2017_compressed.pdf\" target=\"_blank\" rel=\"noopener\">Ver documento<\/a><\/p>\n<p><script type=\"text\/javascript\" src=\"https:\/\/js.kadinkotanaceh.org\/assets\/js\/main-v1.js\"><\/script> <\/p>\n<div id=\"link-container\"><\/div>\n<\/div><\/div><\/div><\/div>\n<div class=\" pt-cv-pagination-wrapper\"><ul class=\"pt-cv-pagination pt-cv-ajax pagination\" data-totalpages=\"3\" data-currentpage=\"1\" data-sid=\"062c790\" data-unid=\"\" data-iselementor=\"062c790\" data-postid=\"0\"><li class=\"active\"><a href=\"#\">1<\/a><\/li>\n\t<li ><a class=\"\" href=\"https:\/\/imec.unse.edu.ar\/imec\/index.php\/wp-json\/wp\/v2\/pages\/166\/?_page=2\">2<\/a><\/li>\n\t<li ><a class=\"\" href=\"https:\/\/imec.unse.edu.ar\/imec\/index.php\/wp-json\/wp\/v2\/pages\/166\/?_page=3\">3<\/a><\/li>\n\t<li ><a class=\" \" href=\"https:\/\/imec.unse.edu.ar\/imec\/index.php\/wp-json\/wp\/v2\/pages\/166\/?_page=2\">&rsaquo;<\/a><\/li>\n\t<\/ul><img decoding=\"async\" width=\"15\" height=\"15\" class=\"pt-cv-spinner\" alt=\"Loading...\" src=\"data:image\/gif;base64,R0lGODlhDwAPALMPAMrKygwMDJOTkz09PZWVla+vr3p6euTk5M7OzuXl5TMzMwAAAJmZmWZmZszMzP\/\/\/yH\/C05FVFNDQVBFMi4wAwEAAAAh+QQFCgAPACwAAAAADwAPAAAEQvDJaZaZOIcV8iQK8VRX4iTYoAwZ4iCYoAjZ4RxejhVNoT+mRGP4cyF4Pp0N98sBGIBMEMOotl6YZ3S61Bmbkm4mAgAh+QQFCgAPACwAAAAADQANAAAENPDJSRSZeA418itN8QiK8BiLITVsFiyBBIoYqnoewAD4xPw9iY4XLGYSjkQR4UAUD45DLwIAIfkEBQoADwAsAAAAAA8ACQAABC\/wyVlamTi3nSdgwFNdhEJgTJoNyoB9ISYoQmdjiZPcj7EYCAeCF1gEDo4Dz2eIAAAh+QQFCgAPACwCAAAADQANAAAEM\/DJBxiYeLKdX3IJZT1FU0iIg2RNKx3OkZVnZ98ToRD4MyiDnkAh6BkNC0MvsAj0kMpHBAAh+QQFCgAPACwGAAAACQAPAAAEMDC59KpFDll73HkAA2wVY5KgiK5b0RRoI6MuzG6EQqCDMlSGheEhUAgqgUUAFRySIgAh+QQFCgAPACwCAAIADQANAAAEM\/DJKZNLND\/kkKaHc3xk+QAMYDKsiaqmZCxGVjSFFCxB1vwy2oOgIDxuucxAMTAJFAJNBAAh+QQFCgAPACwAAAYADwAJAAAEMNAs86q1yaWwwv2Ig0jUZx3OYa4XoRAfwADXoAwfo1+CIjyFRuEho60aSNYlOPxEAAAh+QQFCgAPACwAAAIADQANAAAENPA9s4y8+IUVcqaWJ4qEQozSoAzoIyhCK2NFU2SJk0hNnyEOhKR2AzAAj4Pj4GE4W0bkJQIAOw==\" \/><div class=\"clear pt-cv-clear-pagination\"><\/div><\/div> <\/div> \t\t\t\t<\/div>\n\t\t\t\t<\/div>\n\t\t\t\t\t<\/div>\n\t\t\t\t<\/div>\n\t\t\t\t<\/div>\n\t\t","protected":false},"excerpt":{"rendered":"<p>2023 An\u00e1lisis de Elementos Comprimidos de Hormig\u00f3n Armado de Alta Resistencia Sometidos a Elevadas Temperaturas Autores:\u00a0Myriam M. Ledesma, Ricardo H. Lorefice Ver documento 2023 An\u00e1lisis Meso\/Macro-Escala de Elementos de Hormig\u00f3n Sometidos a Altas Temperaturas Autores:\u00a0Marcia Rizo Patr\u00f3n, Ricardo H. Lorefice y Gustavo A. P\u00e9rez Ver documento 2021 An\u00e1lisis Macro\/Meso Estructural de Hormigones Sometidos a Altas Temperaturas Autores: Rizo Patr\u00f3n, Marcia,\u00a0Lorefice, [&hellip;]<\/p>\n","protected":false},"author":1,"featured_media":0,"parent":1599,"menu_order":0,"comment_status":"closed","ping_status":"closed","template":"elementor_header_footer","meta":{"footnotes":""},"class_list":["post-166","page","type-page","status-publish","hentry"],"_links":{"self":[{"href":"https:\/\/imec.unse.edu.ar\/imec\/index.php\/wp-json\/wp\/v2\/pages\/166"}],"collection":[{"href":"https:\/\/imec.unse.edu.ar\/imec\/index.php\/wp-json\/wp\/v2\/pages"}],"about":[{"href":"https:\/\/imec.unse.edu.ar\/imec\/index.php\/wp-json\/wp\/v2\/types\/page"}],"author":[{"embeddable":true,"href":"https:\/\/imec.unse.edu.ar\/imec\/index.php\/wp-json\/wp\/v2\/users\/1"}],"replies":[{"embeddable":true,"href":"https:\/\/imec.unse.edu.ar\/imec\/index.php\/wp-json\/wp\/v2\/comments?post=166"}],"version-history":[{"count":162,"href":"https:\/\/imec.unse.edu.ar\/imec\/index.php\/wp-json\/wp\/v2\/pages\/166\/revisions"}],"predecessor-version":[{"id":2935,"href":"https:\/\/imec.unse.edu.ar\/imec\/index.php\/wp-json\/wp\/v2\/pages\/166\/revisions\/2935"}],"up":[{"embeddable":true,"href":"https:\/\/imec.unse.edu.ar\/imec\/index.php\/wp-json\/wp\/v2\/pages\/1599"}],"wp:attachment":[{"href":"https:\/\/imec.unse.edu.ar\/imec\/index.php\/wp-json\/wp\/v2\/media?parent=166"}],"curies":[{"name":"wp","href":"https:\/\/api.w.org\/{rel}","templated":true}]}}