{"id":292,"date":"2024-06-28T12:54:29","date_gmt":"2024-06-28T15:54:29","guid":{"rendered":"https:\/\/imec.unse.edu.ar\/imec\/?page_id=292"},"modified":"2025-07-04T07:14:20","modified_gmt":"2025-07-04T10:14:20","slug":"servicios","status":"publish","type":"page","link":"https:\/\/imec.unse.edu.ar\/imec\/index.php\/servicios\/","title":{"rendered":"Servicios"},"content":{"rendered":"\t\t<div data-elementor-type=\"wp-page\" data-elementor-id=\"292\" class=\"elementor elementor-292\">\n\t\t\t\t<div class=\"elementor-element elementor-element-38a6efe e-con-full e-flex e-con e-parent\" data-id=\"38a6efe\" data-element_type=\"container\" data-e-type=\"container\">\n\t\t\t\t<div class=\"elementor-element elementor-element-a6aae22 elementor-widget elementor-widget-spacer\" data-id=\"a6aae22\" data-element_type=\"widget\" data-e-type=\"widget\" data-widget_type=\"spacer.default\">\n\t\t\t\t<div class=\"elementor-widget-container\">\n\t\t\t\t\t\t\t<div class=\"elementor-spacer\">\n\t\t\t<div class=\"elementor-spacer-inner\"><\/div>\n\t\t<\/div>\n\t\t\t\t\t\t<\/div>\n\t\t\t\t<\/div>\n\t\t\t\t<\/div>\n\t\t<div class=\"elementor-element elementor-element-e9854d8 e-flex e-con-boxed e-con e-parent\" data-id=\"e9854d8\" data-element_type=\"container\" data-e-type=\"container\">\n\t\t\t\t\t<div class=\"e-con-inner\">\n\t\t\t\t<div class=\"elementor-element elementor-element-71ce4d6 elementor-widget elementor-widget-contentviews_widget_overlay1\" data-id=\"71ce4d6\" data-element_type=\"widget\" data-e-type=\"widget\" data-widget_type=\"contentviews_widget_overlay1.default\">\n\t\t\t\t<div class=\"elementor-widget-container\">\n\t\t\t\t\t<div class='pt-cv-wrapper'> <div class=\"pt-cv-view pt-cv-overlaygrid iscvblock iscvelementor overlay1 layout1 cveffect-darken\" id=\"pt-cv-view-71ce4d6\"><div data-id=\"pt-cv-page-1\" class=\"pt-cv-page\" data-cvc=\"3\"><div class=\" pt-cv-content-item pt-cv-1-col\" ><div class=\"pt-cv-thumb-wrapper  \"><a href=\"https:\/\/imec.unse.edu.ar\/imec\/index.php\/2024\/09\/02\/evaluacion-y-diagnostico-de-estructuras-2\/\" class=\"_self pt-cv-href-thumbnail pt-cv-thumb-default\" target=\"_self\" ><img fetchpriority=\"high\" decoding=\"async\" width=\"640\" height=\"640\" src=\"https:\/\/imec.unse.edu.ar\/imec\/wp-content\/uploads\/2024\/06\/Screenshot-2024-06-27-at-7.35.23\u202fPM.png\" class=\"pt-cv-thumbnail\" alt=\"\" \/><\/a><\/div>\n<div class=\"pt-cv-overlay-wrapper\"><h4 class=\"pt-cv-title\"><a href=\"https:\/\/imec.unse.edu.ar\/imec\/index.php\/2024\/09\/02\/evaluacion-y-diagnostico-de-estructuras-2\/\" class=\"_self\" target=\"_self\" >Evaluaci\u00f3n y Diagn\u00f3stico de Estructuras<\/a><\/h4><\/div><\/div>\n<div class=\" pt-cv-content-item pt-cv-1-col\" ><div class=\"pt-cv-thumb-wrapper  \"><a href=\"https:\/\/imec.unse.edu.ar\/imec\/index.php\/2024\/09\/02\/direccion-tecnica-2\/\" class=\"_self pt-cv-href-thumbnail pt-cv-thumb-default\" target=\"_self\" ><img decoding=\"async\" width=\"640\" height=\"419\" src=\"https:\/\/imec.unse.edu.ar\/imec\/wp-content\/uploads\/2024\/06\/Screenshot-2024-06-27-at-1.47.05\u202fPM-1024x670.png\" class=\"pt-cv-thumbnail\" alt=\"\" \/><\/a><\/div>\n<div class=\"pt-cv-overlay-wrapper\"><h4 class=\"pt-cv-title\"><a href=\"https:\/\/imec.unse.edu.ar\/imec\/index.php\/2024\/09\/02\/direccion-tecnica-2\/\" class=\"_self\" target=\"_self\" >Direcci\u00f3n T\u00e9cnica<\/a><\/h4><\/div><\/div>\n<div class=\" pt-cv-content-item pt-cv-1-col\" ><div class=\"pt-cv-thumb-wrapper  \"><a href=\"https:\/\/imec.unse.edu.ar\/imec\/index.php\/2024\/09\/02\/control-de-calidad-in-situ-2\/\" class=\"_self pt-cv-href-thumbnail pt-cv-thumb-default\" target=\"_self\" ><img decoding=\"async\" width=\"640\" height=\"640\" src=\"https:\/\/imec.unse.edu.ar\/imec\/wp-content\/uploads\/2024\/06\/Screenshot-2024-06-27-at-7.37.03\u202fPM-e1719527849881.png\" class=\"pt-cv-thumbnail\" alt=\"\" \/><\/a><\/div>\n<div class=\"pt-cv-overlay-wrapper\"><h4 class=\"pt-cv-title\"><a href=\"https:\/\/imec.unse.edu.ar\/imec\/index.php\/2024\/09\/02\/control-de-calidad-in-situ-2\/\" class=\"_self\" target=\"_self\" >Control de Calidad in Situ<\/a><\/h4><\/div><\/div>\n<div class=\" pt-cv-content-item pt-cv-1-col\" ><div class=\"pt-cv-thumb-wrapper  \"><a href=\"https:\/\/imec.unse.edu.ar\/imec\/index.php\/2024\/09\/02\/analisis-de-suelos\/\" class=\"_self pt-cv-href-thumbnail pt-cv-thumb-default\" target=\"_self\" ><img loading=\"lazy\" decoding=\"async\" width=\"640\" height=\"454\" src=\"https:\/\/imec.unse.edu.ar\/imec\/wp-content\/uploads\/2024\/06\/Screenshot-2024-06-27-at-1.53.37\u202fPM-1024x727.png\" class=\"pt-cv-thumbnail\" alt=\"\" \/><\/a><\/div>\n<div class=\"pt-cv-overlay-wrapper\"><h4 class=\"pt-cv-title\"><a href=\"https:\/\/imec.unse.edu.ar\/imec\/index.php\/2024\/09\/02\/analisis-de-suelos\/\" class=\"_self\" target=\"_self\" >An\u00e1lisis de Suelos<\/a><\/h4><\/div><\/div>\n<div class=\" pt-cv-content-item pt-cv-1-col\" ><div class=\"pt-cv-thumb-wrapper  \"><a href=\"https:\/\/imec.unse.edu.ar\/imec\/index.php\/2024\/09\/02\/analisis-de-problemas-especiales-2\/\" class=\"_self pt-cv-href-thumbnail pt-cv-thumb-default\" target=\"_self\" ><img loading=\"lazy\" decoding=\"async\" width=\"640\" height=\"640\" src=\"https:\/\/imec.unse.edu.ar\/imec\/wp-content\/uploads\/2024\/06\/Screenshot-2024-06-27-at-1.50.27\u202fPM-e1719507325351-1024x1024.png\" class=\"pt-cv-thumbnail\" alt=\"\" \/><\/a><\/div>\n<div class=\"pt-cv-overlay-wrapper\"><h4 class=\"pt-cv-title\"><a href=\"https:\/\/imec.unse.edu.ar\/imec\/index.php\/2024\/09\/02\/analisis-de-problemas-especiales-2\/\" class=\"_self\" target=\"_self\" >An\u00e1lisis de Problemas Especiales<\/a><\/h4><\/div><\/div>\n<div class=\" pt-cv-content-item pt-cv-1-col\" ><div class=\"pt-cv-thumb-wrapper  \"><a href=\"https:\/\/imec.unse.edu.ar\/imec\/index.php\/2024\/09\/02\/analisis-de-estructuras\/\" class=\"_self pt-cv-href-thumbnail pt-cv-thumb-default\" target=\"_self\" ><img loading=\"lazy\" decoding=\"async\" width=\"640\" height=\"454\" src=\"https:\/\/imec.unse.edu.ar\/imec\/wp-content\/uploads\/2024\/06\/Screenshot-2024-06-27-at-1.53.37\u202fPM-1024x727.png\" class=\"pt-cv-thumbnail\" alt=\"\" \/><\/a><\/div>\n<div class=\"pt-cv-overlay-wrapper\"><h4 class=\"pt-cv-title\"><a href=\"https:\/\/imec.unse.edu.ar\/imec\/index.php\/2024\/09\/02\/analisis-de-estructuras\/\" class=\"_self\" target=\"_self\" >An\u00e1lisis de Estructuras<\/a><\/h4><\/div><\/div><\/div><\/div> <\/div> \t\t\t\t<\/div>\n\t\t\t\t<\/div>\n\t\t\t\t\t<\/div>\n\t\t\t\t<\/div>\n\t\t\t\t<\/div>\n\t\t","protected":false},"excerpt":{"rendered":"<p>Evaluaci\u00f3n y Diagn\u00f3stico de Estructuras Direcci\u00f3n T\u00e9cnica Control de Calidad in Situ An\u00e1lisis de Suelos An\u00e1lisis de Problemas Especiales An\u00e1lisis de Estructuras<\/p>\n","protected":false},"author":1,"featured_media":0,"parent":0,"menu_order":0,"comment_status":"closed","ping_status":"closed","template":"elementor_header_footer","meta":{"footnotes":""},"class_list":["post-292","page","type-page","status-publish","hentry"],"_links":{"self":[{"href":"https:\/\/imec.unse.edu.ar\/imec\/index.php\/wp-json\/wp\/v2\/pages\/292"}],"collection":[{"href":"https:\/\/imec.unse.edu.ar\/imec\/index.php\/wp-json\/wp\/v2\/pages"}],"about":[{"href":"https:\/\/imec.unse.edu.ar\/imec\/index.php\/wp-json\/wp\/v2\/types\/page"}],"author":[{"embeddable":true,"href":"https:\/\/imec.unse.edu.ar\/imec\/index.php\/wp-json\/wp\/v2\/users\/1"}],"replies":[{"embeddable":true,"href":"https:\/\/imec.unse.edu.ar\/imec\/index.php\/wp-json\/wp\/v2\/comments?post=292"}],"version-history":[{"count":178,"href":"https:\/\/imec.unse.edu.ar\/imec\/index.php\/wp-json\/wp\/v2\/pages\/292\/revisions"}],"predecessor-version":[{"id":2906,"href":"https:\/\/imec.unse.edu.ar\/imec\/index.php\/wp-json\/wp\/v2\/pages\/292\/revisions\/2906"}],"wp:attachment":[{"href":"https:\/\/imec.unse.edu.ar\/imec\/index.php\/wp-json\/wp\/v2\/media?parent=292"}],"curies":[{"name":"wp","href":"https:\/\/api.w.org\/{rel}","templated":true}]}}